{"id":448,"date":"2023-02-22T21:28:21","date_gmt":"2023-02-22T20:28:21","guid":{"rendered":"https:\/\/hotdogzone.hu\/?page_id=448"},"modified":"2023-03-23T09:57:57","modified_gmt":"2023-03-23T08:57:57","slug":"termekek","status":"publish","type":"page","link":"https:\/\/hotdogzone.hu\/de\/termekek\/","title":{"rendered":"Produkte"},"content":{"rendered":"<div data-elementor-type=\"wp-page\" data-elementor-id=\"448\" class=\"elementor elementor-448\" data-elementor-post-type=\"page\">\n\t\t\t\t\t\t<section class=\"elementor-section elementor-top-section elementor-element elementor-element-3dfb917 elementor-section-height-min-height elementor-section-boxed elementor-section-height-default elementor-section-items-middle\" data-id=\"3dfb917\" data-element_type=\"section\" data-e-type=\"section\" data-settings=\"{&quot;background_background&quot;:&quot;classic&quot;}\">\n\t\t\t\t\t\t\t<div class=\"elementor-background-overlay\"><\/div>\n\t\t\t\t\t\t\t<div class=\"elementor-container elementor-column-gap-default\">\n\t\t\t\t\t<div class=\"elementor-column elementor-col-100 elementor-top-column elementor-element elementor-element-204743f\" data-id=\"204743f\" data-element_type=\"column\" data-e-type=\"column\">\n\t\t\t<div class=\"elementor-widget-wrap elementor-element-populated\">\n\t\t\t\t\t\t<div class=\"elementor-element elementor-element-d56d89c elementor-widget elementor-widget-heading\" data-id=\"d56d89c\" data-element_type=\"widget\" data-e-type=\"widget\" data-widget_type=\"heading.default\">\n\t\t\t\t<div class=\"elementor-widget-container\">\n\t\t\t\t\t<h1 class=\"elementor-heading-title elementor-size-large\">Hot Dog Zone<\/h1>\t\t\t\t<\/div>\n\t\t\t\t<\/div>\n\t\t\t\t<div class=\"elementor-element elementor-element-02c16bd elementor-widget elementor-widget-heading\" data-id=\"02c16bd\" data-element_type=\"widget\" data-e-type=\"widget\" data-widget_type=\"heading.default\">\n\t\t\t\t<div class=\"elementor-widget-container\">\n\t\t\t\t\t<h2 class=\"elementor-heading-title elementor-size-default\">\u00dcber unsere hochwertigen Produkte<\/h2>\t\t\t\t<\/div>\n\t\t\t\t<\/div>\n\t\t\t\t<div class=\"elementor-element elementor-element-aea8f88 elementor-widget elementor-widget-text-editor\" data-id=\"aea8f88\" data-element_type=\"widget\" data-e-type=\"widget\" data-widget_type=\"text-editor.default\">\n\t\t\t\t<div class=\"elementor-widget-container\">\n\t\t\t\t\t\t\t\t\t<p>Mit dem Angebot und der Qualit\u00e4t der von Hot Dog Zone angebotenen Produkte k\u00f6nnen Sie neue Kunden anlocken, die sp\u00e4ter gerne wieder in Ihr Gesch\u00e4ft kommen. Gem\u00e4\u00df unserem Ansatz sind alle Produkte von h\u00f6chster Qualit\u00e4t mit hohem Fleischanteil und hervorragendem Geschmack. Dank unserer patentierten Rezeptur und eines speziellen technologischen Prozesses k\u00f6nnen unsere Produkte bis zu 6-8 Stunden auf dem Br\u00f6tchen bleiben, ohne an Qualit\u00e4t oder ihrem attraktiven Aussehen zu verlieren.<\/p>\t\t\t\t\t\t\t\t<\/div>\n\t\t\t\t<\/div>\n\t\t\t\t\t<\/div>\n\t\t<\/div>\n\t\t\t\t\t<\/div>\n\t\t<\/section>\n\t\t\t\t<section class=\"elementor-section elementor-top-section elementor-element elementor-element-0be19c3 elementor-section-boxed elementor-section-height-default elementor-section-height-default\" data-id=\"0be19c3\" data-element_type=\"section\" data-e-type=\"section\">\n\t\t\t\t\t\t<div class=\"elementor-container elementor-column-gap-default\">\n\t\t\t\t\t<div class=\"elementor-column elementor-col-100 elementor-top-column elementor-element elementor-element-820ea24\" data-id=\"820ea24\" data-element_type=\"column\" data-e-type=\"column\">\n\t\t\t<div class=\"elementor-widget-wrap elementor-element-populated\">\n\t\t\t\t\t\t<div class=\"elementor-element elementor-element-db37d5a elementor-widget elementor-widget-gallery\" data-id=\"db37d5a\" data-element_type=\"widget\" data-e-type=\"widget\" data-settings=\"{&quot;columns&quot;:3,&quot;aspect_ratio&quot;:&quot;1:1&quot;,&quot;gap&quot;:{&quot;unit&quot;:&quot;px&quot;,&quot;size&quot;:5,&quot;sizes&quot;:[]},&quot;lazyload&quot;:&quot;yes&quot;,&quot;gallery_layout&quot;:&quot;grid&quot;,&quot;columns_tablet&quot;:2,&quot;columns_mobile&quot;:1,&quot;gap_tablet&quot;:{&quot;unit&quot;:&quot;px&quot;,&quot;size&quot;:10,&quot;sizes&quot;:[]},&quot;gap_mobile&quot;:{&quot;unit&quot;:&quot;px&quot;,&quot;size&quot;:10,&quot;sizes&quot;:[]},&quot;link_to&quot;:&quot;file&quot;,&quot;overlay_background&quot;:&quot;yes&quot;,&quot;content_hover_animation&quot;:&quot;fade-in&quot;}\" data-widget_type=\"gallery.default\">\n\t\t\t\t<div class=\"elementor-widget-container\">\n\t\t\t\t\t\t\t<div class=\"elementor-gallery__container\">\n\t\t\t\t\t\t\t<a class=\"e-gallery-item elementor-gallery-item elementor-animated-content\" href=\"https:\/\/hotdogzone.hu\/wp-content\/uploads\/2023\/03\/hot-dog-zone-chilis-kolbasz.jpg\" data-elementor-open-lightbox=\"yes\" data-elementor-lightbox-slideshow=\"db37d5a\" data-elementor-lightbox-title=\"hot-dog-zone-chilis-kolbasz\" data-e-action-hash=\"#elementor-action%3Aaction%3Dlightbox%26settings%3DeyJpZCI6NjQ3LCJ1cmwiOiJodHRwczpcL1wvaG90ZG9nem9uZS5odVwvd3AtY29udGVudFwvdXBsb2Fkc1wvMjAyM1wvMDNcL2hvdC1kb2ctem9uZS1jaGlsaXMta29sYmFzei5qcGciLCJzbGlkZXNob3ciOiJkYjM3ZDVhIn0%3D\">\n\t\t\t\t\t<div class=\"e-gallery-image elementor-gallery-item__image\" data-thumbnail=\"https:\/\/hotdogzone.hu\/wp-content\/uploads\/2023\/03\/hot-dog-zone-chilis-kolbasz.jpg\" data-width=\"1354\" data-height=\"1356\" aria-label=\"\" role=\"img\" ><\/div>\n\t\t\t\t\t\t\t\t\t\t\t<div class=\"elementor-gallery-item__overlay\"><\/div>\n\t\t\t\t\t\t\t\t\t\t\t\t\t\t<\/a>\n\t\t\t\t\t\t\t<a class=\"e-gallery-item elementor-gallery-item elementor-animated-content\" href=\"https:\/\/hotdogzone.hu\/wp-content\/uploads\/2023\/03\/hot-dog-zone-kabanos-kolbasz.jpg\" data-elementor-open-lightbox=\"yes\" data-elementor-lightbox-slideshow=\"db37d5a\" data-elementor-lightbox-title=\"hot-dog-zone-kabanos-kolbasz\" data-e-action-hash=\"#elementor-action%3Aaction%3Dlightbox%26settings%3DeyJpZCI6NjQ5LCJ1cmwiOiJodHRwczpcL1wvaG90ZG9nem9uZS5odVwvd3AtY29udGVudFwvdXBsb2Fkc1wvMjAyM1wvMDNcL2hvdC1kb2ctem9uZS1rYWJhbm9zLWtvbGJhc3ouanBnIiwic2xpZGVzaG93IjoiZGIzN2Q1YSJ9\">\n\t\t\t\t\t<div class=\"e-gallery-image elementor-gallery-item__image\" data-thumbnail=\"https:\/\/hotdogzone.hu\/wp-content\/uploads\/2023\/03\/hot-dog-zone-kabanos-kolbasz.jpg\" data-width=\"1355\" data-height=\"1356\" aria-label=\"\" role=\"img\" ><\/div>\n\t\t\t\t\t\t\t\t\t\t\t<div class=\"elementor-gallery-item__overlay\"><\/div>\n\t\t\t\t\t\t\t\t\t\t\t\t\t\t<\/a>\n\t\t\t\t\t\t\t<a class=\"e-gallery-item elementor-gallery-item elementor-animated-content\" href=\"https:\/\/hotdogzone.hu\/wp-content\/uploads\/2023\/03\/hot-dog-zone-klasszikus-kolbasz.jpg\" data-elementor-open-lightbox=\"yes\" data-elementor-lightbox-slideshow=\"db37d5a\" data-elementor-lightbox-title=\"hot-dog-zone-klasszikus-kolbasz\" data-e-action-hash=\"#elementor-action%3Aaction%3Dlightbox%26settings%3DeyJpZCI6NjUxLCJ1cmwiOiJodHRwczpcL1wvaG90ZG9nem9uZS5odVwvd3AtY29udGVudFwvdXBsb2Fkc1wvMjAyM1wvMDNcL2hvdC1kb2ctem9uZS1rbGFzc3ppa3VzLWtvbGJhc3ouanBnIiwic2xpZGVzaG93IjoiZGIzN2Q1YSJ9\">\n\t\t\t\t\t<div class=\"e-gallery-image elementor-gallery-item__image\" data-thumbnail=\"https:\/\/hotdogzone.hu\/wp-content\/uploads\/2023\/03\/hot-dog-zone-klasszikus-kolbasz.jpg\" data-width=\"1355\" data-height=\"1355\" aria-label=\"\" role=\"img\" ><\/div>\n\t\t\t\t\t\t\t\t\t\t\t<div class=\"elementor-gallery-item__overlay\"><\/div>\n\t\t\t\t\t\t\t\t\t\t\t\t\t\t<\/a>\n\t\t\t\t\t\t\t<a class=\"e-gallery-item elementor-gallery-item elementor-animated-content\" href=\"https:\/\/hotdogzone.hu\/wp-content\/uploads\/2023\/03\/Hot-dog-papir-tasak.png\" data-elementor-open-lightbox=\"yes\" data-elementor-lightbox-slideshow=\"db37d5a\" data-elementor-lightbox-title=\"Hot dog pap\u00edr tasak\" data-e-action-hash=\"#elementor-action%3Aaction%3Dlightbox%26settings%3DeyJpZCI6NzExLCJ1cmwiOiJodHRwczpcL1wvaG90ZG9nem9uZS5odVwvd3AtY29udGVudFwvdXBsb2Fkc1wvMjAyM1wvMDNcL0hvdC1kb2ctcGFwaXItdGFzYWsucG5nIiwic2xpZGVzaG93IjoiZGIzN2Q1YSJ9\">\n\t\t\t\t\t<div class=\"e-gallery-image elementor-gallery-item__image\" data-thumbnail=\"https:\/\/hotdogzone.hu\/wp-content\/uploads\/2023\/03\/Hot-dog-papir-tasak.png\" data-width=\"1414\" data-height=\"2000\" aria-label=\"\" role=\"img\" ><\/div>\n\t\t\t\t\t\t\t\t\t\t\t<div class=\"elementor-gallery-item__overlay\"><\/div>\n\t\t\t\t\t\t\t\t\t\t\t\t\t\t<\/a>\n\t\t\t\t\t\t\t<a class=\"e-gallery-item elementor-gallery-item elementor-animated-content\" href=\"https:\/\/hotdogzone.hu\/wp-content\/uploads\/2023\/03\/hot-dog-zone-hot-dog-kifli.jpg\" data-elementor-open-lightbox=\"yes\" data-elementor-lightbox-slideshow=\"db37d5a\" data-elementor-lightbox-title=\"hot-dog-buns\" data-e-action-hash=\"#elementor-action%3Aaction%3Dlightbox%26settings%3DeyJpZCI6NjQ4LCJ1cmwiOiJodHRwczpcL1wvaG90ZG9nem9uZS5odVwvd3AtY29udGVudFwvdXBsb2Fkc1wvMjAyM1wvMDNcL2hvdC1kb2ctem9uZS1ob3QtZG9nLWtpZmxpLmpwZyIsInNsaWRlc2hvdyI6ImRiMzdkNWEifQ%3D%3D\">\n\t\t\t\t\t<div class=\"e-gallery-image elementor-gallery-item__image\" data-thumbnail=\"https:\/\/hotdogzone.hu\/wp-content\/uploads\/2023\/03\/hot-dog-zone-hot-dog-kifli.jpg\" data-width=\"768\" data-height=\"768\" aria-label=\"\" role=\"img\" ><\/div>\n\t\t\t\t\t\t\t\t\t\t\t<div class=\"elementor-gallery-item__overlay\"><\/div>\n\t\t\t\t\t\t\t\t\t\t\t\t\t\t<\/a>\n\t\t\t\t\t\t\t<a class=\"e-gallery-item elementor-gallery-item elementor-animated-content\" href=\"https:\/\/hotdogzone.hu\/wp-content\/uploads\/2023\/03\/Hot-dog-szalveta.png\" data-elementor-open-lightbox=\"yes\" data-elementor-lightbox-slideshow=\"db37d5a\" data-elementor-lightbox-title=\"Hot dog szalv\u00e9ta\" data-e-action-hash=\"#elementor-action%3Aaction%3Dlightbox%26settings%3DeyJpZCI6NzEyLCJ1cmwiOiJodHRwczpcL1wvaG90ZG9nem9uZS5odVwvd3AtY29udGVudFwvdXBsb2Fkc1wvMjAyM1wvMDNcL0hvdC1kb2ctc3phbHZldGEucG5nIiwic2xpZGVzaG93IjoiZGIzN2Q1YSJ9\">\n\t\t\t\t\t<div class=\"e-gallery-image elementor-gallery-item__image\" data-thumbnail=\"https:\/\/hotdogzone.hu\/wp-content\/uploads\/2023\/03\/Hot-dog-szalveta.png\" data-width=\"1414\" data-height=\"2000\" aria-label=\"\" role=\"img\" ><\/div>\n\t\t\t\t\t\t\t\t\t\t\t<div class=\"elementor-gallery-item__overlay\"><\/div>\n\t\t\t\t\t\t\t\t\t\t\t\t\t\t<\/a>\n\t\t\t\t\t\t\t<a class=\"e-gallery-item elementor-gallery-item elementor-animated-content\" href=\"https:\/\/hotdogzone.hu\/wp-content\/uploads\/2023\/03\/Grill-Ketchup-1.png\" data-elementor-open-lightbox=\"yes\" data-elementor-lightbox-slideshow=\"db37d5a\" data-elementor-lightbox-title=\"Grill Ketchup\" data-e-action-hash=\"#elementor-action%3Aaction%3Dlightbox%26settings%3DeyJpZCI6ODU4LCJ1cmwiOiJodHRwczpcL1wvaG90ZG9nem9uZS5odVwvd3AtY29udGVudFwvdXBsb2Fkc1wvMjAyM1wvMDNcL0dyaWxsLUtldGNodXAtMS5wbmciLCJzbGlkZXNob3ciOiJkYjM3ZDVhIn0%3D\">\n\t\t\t\t\t<div class=\"e-gallery-image elementor-gallery-item__image\" data-thumbnail=\"https:\/\/hotdogzone.hu\/wp-content\/uploads\/2023\/03\/Grill-Ketchup-1.png\" data-width=\"1414\" data-height=\"2000\" aria-label=\"\" role=\"img\" ><\/div>\n\t\t\t\t\t\t\t\t\t\t\t<div class=\"elementor-gallery-item__overlay\"><\/div>\n\t\t\t\t\t\t\t\t\t\t\t\t\t\t<\/a>\n\t\t\t\t\t\t\t<a class=\"e-gallery-item elementor-gallery-item elementor-animated-content\" href=\"https:\/\/hotdogzone.hu\/wp-content\/uploads\/2023\/03\/Pikans-Grill-Ketchup.png\" data-elementor-open-lightbox=\"yes\" data-elementor-lightbox-slideshow=\"db37d5a\" data-elementor-lightbox-title=\"Pik\u00e1ns Grill Ketchup\" data-e-action-hash=\"#elementor-action%3Aaction%3Dlightbox%26settings%3DeyJpZCI6ODYxLCJ1cmwiOiJodHRwczpcL1wvaG90ZG9nem9uZS5odVwvd3AtY29udGVudFwvdXBsb2Fkc1wvMjAyM1wvMDNcL1Bpa2Fucy1HcmlsbC1LZXRjaHVwLnBuZyIsInNsaWRlc2hvdyI6ImRiMzdkNWEifQ%3D%3D\">\n\t\t\t\t\t<div class=\"e-gallery-image elementor-gallery-item__image\" data-thumbnail=\"https:\/\/hotdogzone.hu\/wp-content\/uploads\/2023\/03\/Pikans-Grill-Ketchup.png\" data-width=\"1414\" data-height=\"2000\" aria-label=\"\" role=\"img\" ><\/div>\n\t\t\t\t\t\t\t\t\t\t\t<div class=\"elementor-gallery-item__overlay\"><\/div>\n\t\t\t\t\t\t\t\t\t\t\t\t\t\t<\/a>\n\t\t\t\t\t\t\t<a class=\"e-gallery-item elementor-gallery-item elementor-animated-content\" href=\"https:\/\/hotdogzone.hu\/wp-content\/uploads\/2023\/03\/Majonez.png\" data-elementor-open-lightbox=\"yes\" data-elementor-lightbox-slideshow=\"db37d5a\" data-elementor-lightbox-title=\"Majon\u00e9z\" data-e-action-hash=\"#elementor-action%3Aaction%3Dlightbox%26settings%3DeyJpZCI6ODYzLCJ1cmwiOiJodHRwczpcL1wvaG90ZG9nem9uZS5odVwvd3AtY29udGVudFwvdXBsb2Fkc1wvMjAyM1wvMDNcL01ham9uZXoucG5nIiwic2xpZGVzaG93IjoiZGIzN2Q1YSJ9\">\n\t\t\t\t\t<div class=\"e-gallery-image elementor-gallery-item__image\" data-thumbnail=\"https:\/\/hotdogzone.hu\/wp-content\/uploads\/2023\/03\/Majonez.png\" data-width=\"1414\" data-height=\"2000\" aria-label=\"\" role=\"img\" ><\/div>\n\t\t\t\t\t\t\t\t\t\t\t<div class=\"elementor-gallery-item__overlay\"><\/div>\n\t\t\t\t\t\t\t\t\t\t\t\t\t\t<\/a>\n\t\t\t\t\t\t\t<a class=\"e-gallery-item elementor-gallery-item elementor-animated-content\" href=\"https:\/\/hotdogzone.hu\/wp-content\/uploads\/2023\/03\/Dijoni-Mustar.png\" data-elementor-open-lightbox=\"yes\" data-elementor-lightbox-slideshow=\"db37d5a\" data-elementor-lightbox-title=\"Dijoni Must\u00e1r\" data-e-action-hash=\"#elementor-action%3Aaction%3Dlightbox%26settings%3DeyJpZCI6ODYwLCJ1cmwiOiJodHRwczpcL1wvaG90ZG9nem9uZS5odVwvd3AtY29udGVudFwvdXBsb2Fkc1wvMjAyM1wvMDNcL0Rpam9uaS1NdXN0YXIucG5nIiwic2xpZGVzaG93IjoiZGIzN2Q1YSJ9\">\n\t\t\t\t\t<div class=\"e-gallery-image elementor-gallery-item__image\" data-thumbnail=\"https:\/\/hotdogzone.hu\/wp-content\/uploads\/2023\/03\/Dijoni-Mustar.png\" data-width=\"1414\" data-height=\"2000\" aria-label=\"\" role=\"img\" ><\/div>\n\t\t\t\t\t\t\t\t\t\t\t<div class=\"elementor-gallery-item__overlay\"><\/div>\n\t\t\t\t\t\t\t\t\t\t\t\t\t\t<\/a>\n\t\t\t\t\t\t\t<a class=\"e-gallery-item elementor-gallery-item elementor-animated-content\" href=\"https:\/\/hotdogzone.hu\/wp-content\/uploads\/2023\/03\/Mustar.png\" data-elementor-open-lightbox=\"yes\" data-elementor-lightbox-slideshow=\"db37d5a\" data-elementor-lightbox-title=\"Must\u00e1r\" data-e-action-hash=\"#elementor-action%3Aaction%3Dlightbox%26settings%3DeyJpZCI6ODY0LCJ1cmwiOiJodHRwczpcL1wvaG90ZG9nem9uZS5odVwvd3AtY29udGVudFwvdXBsb2Fkc1wvMjAyM1wvMDNcL011c3Rhci5wbmciLCJzbGlkZXNob3ciOiJkYjM3ZDVhIn0%3D\">\n\t\t\t\t\t<div class=\"e-gallery-image elementor-gallery-item__image\" data-thumbnail=\"https:\/\/hotdogzone.hu\/wp-content\/uploads\/2023\/03\/Mustar.png\" data-width=\"1414\" data-height=\"2000\" aria-label=\"\" role=\"img\" ><\/div>\n\t\t\t\t\t\t\t\t\t\t\t<div class=\"elementor-gallery-item__overlay\"><\/div>\n\t\t\t\t\t\t\t\t\t\t\t\t\t\t<\/a>\n\t\t\t\t\t<\/div>\n\t\t\t\t\t<\/div>\n\t\t\t\t<\/div>\n\t\t\t\t\t<\/div>\n\t\t<\/div>\n\t\t\t\t\t<\/div>\n\t\t<\/section>\n\t\t\t\t<\/div>","protected":false},"excerpt":{"rendered":"<p>Hot Dog Zone Kiv\u00e1l\u00f3 min\u0151s\u00e9g\u0171 term\u00e9keinkr\u0151l A Hot Dog Zone \u00e1ltal k\u00edn\u00e1lt term\u00e9kek v\u00e1laszt\u00e9ka \u00e9s min\u0151s\u00e9ge lehet\u0151v\u00e9 teszi, hogy olyan \u00faj fogyaszt\u00f3kat vonzz be, akik a k\u00e9s\u0151bbiekben is sz\u00edvesen visszat\u00e9rnek \u00fczletedbe. Szeml\u00e9letm\u00f3dunkkal \u00f6sszhangban minden term\u00e9k a legmagasabb min\u0151s\u00e9get k\u00e9pviseli magas h\u00fastartalommal \u00e9s kiv\u00e1l\u00f3 \u00edzzel. A term\u00e9kek szabadalmaztatott \u00f6sszet\u00e9tel\u00e9nek \u00e9s egy speci\u00e1lis technol\u00f3giai elj\u00e1r\u00e1snak h\u00e1la ak\u00e1r [&hellip;]<\/p>\n","protected":false},"author":1,"featured_media":0,"parent":0,"menu_order":0,"comment_status":"closed","ping_status":"closed","template":"","meta":{"site-sidebar-layout":"no-sidebar","site-content-layout":"page-builder","ast-site-content-layout":"default","site-content-style":"default","site-sidebar-style":"default","ast-global-header-display":"","ast-banner-title-visibility":"","ast-main-header-display":"","ast-hfb-above-header-display":"","ast-hfb-below-header-display":"","ast-hfb-mobile-header-display":"","site-post-title":"disabled","ast-breadcrumbs-content":"","ast-featured-img":"disabled","footer-sml-layout":"","ast-disable-related-posts":"","theme-transparent-header-meta":"","adv-header-id-meta":"","stick-header-meta":"","header-above-stick-meta":"","header-main-stick-meta":"","header-below-stick-meta":"","astra-migrate-meta-layouts":"default","ast-page-background-enabled":"default","ast-page-background-meta":{"desktop":{"background-color":"","background-image":"","background-repeat":"repeat","background-position":"center center","background-size":"auto","background-attachment":"scroll","background-type":"","background-media":"","overlay-type":"","overlay-color":"","overlay-opacity":"","overlay-gradient":""},"tablet":{"background-color":"","background-image":"","background-repeat":"repeat","background-position":"center center","background-size":"auto","background-attachment":"scroll","background-type":"","background-media":"","overlay-type":"","overlay-color":"","overlay-opacity":"","overlay-gradient":""},"mobile":{"background-color":"","background-image":"","background-repeat":"repeat","background-position":"center center","background-size":"auto","background-attachment":"scroll","background-type":"","background-media":"","overlay-type":"","overlay-color":"","overlay-opacity":"","overlay-gradient":""}},"ast-content-background-meta":{"desktop":{"background-color":"var(--ast-global-color-5)","background-image":"","background-repeat":"repeat","background-position":"center center","background-size":"auto","background-attachment":"scroll","background-type":"","background-media":"","overlay-type":"","overlay-color":"","overlay-opacity":"","overlay-gradient":""},"tablet":{"background-color":"var(--ast-global-color-5)","background-image":"","background-repeat":"repeat","background-position":"center center","background-size":"auto","background-attachment":"scroll","background-type":"","background-media":"","overlay-type":"","overlay-color":"","overlay-opacity":"","overlay-gradient":""},"mobile":{"background-color":"var(--ast-global-color-5)","background-image":"","background-repeat":"repeat","background-position":"center center","background-size":"auto","background-attachment":"scroll","background-type":"","background-media":"","overlay-type":"","overlay-color":"","overlay-opacity":"","overlay-gradient":""}},"footnotes":""},"class_list":["post-448","page","type-page","status-publish","hentry"],"yoast_head":"<!-- This site is optimized with the Yoast SEO plugin v27.4 - https:\/\/yoast.com\/product\/yoast-seo-wordpress\/ -->\n<title>Term\u00e9kek - Hotdogzone<\/title>\n<meta name=\"robots\" content=\"index, follow, max-snippet:-1, max-image-preview:large, max-video-preview:-1\" \/>\n<link rel=\"canonical\" href=\"https:\/\/hotdogzone.hu\/de\/termekek\/\" \/>\n<meta property=\"og:locale\" content=\"de_DE\" \/>\n<meta property=\"og:type\" content=\"article\" \/>\n<meta property=\"og:title\" content=\"Term\u00e9kek - Hotdogzone\" \/>\n<meta property=\"og:description\" content=\"Hot Dog Zone Kiv\u00e1l\u00f3 min\u0151s\u00e9g\u0171 term\u00e9keinkr\u0151l A Hot Dog Zone \u00e1ltal k\u00edn\u00e1lt term\u00e9kek v\u00e1laszt\u00e9ka \u00e9s min\u0151s\u00e9ge lehet\u0151v\u00e9 teszi, hogy olyan \u00faj fogyaszt\u00f3kat vonzz be, akik a k\u00e9s\u0151bbiekben is sz\u00edvesen visszat\u00e9rnek \u00fczletedbe. Szeml\u00e9letm\u00f3dunkkal \u00f6sszhangban minden term\u00e9k a legmagasabb min\u0151s\u00e9get k\u00e9pviseli magas h\u00fastartalommal \u00e9s kiv\u00e1l\u00f3 \u00edzzel. A term\u00e9kek szabadalmaztatott \u00f6sszet\u00e9tel\u00e9nek \u00e9s egy speci\u00e1lis technol\u00f3giai elj\u00e1r\u00e1snak h\u00e1la ak\u00e1r [&hellip;]\" \/>\n<meta property=\"og:url\" content=\"https:\/\/hotdogzone.hu\/de\/termekek\/\" \/>\n<meta property=\"og:site_name\" content=\"Hotdogzone\" \/>\n<meta property=\"article:modified_time\" content=\"2023-03-23T08:57:57+00:00\" \/>\n<meta name=\"twitter:card\" content=\"summary_large_image\" \/>\n<meta name=\"twitter:label1\" content=\"Gesch\u00e4tzte Lesezeit\" \/>\n\t<meta name=\"twitter:data1\" content=\"1\u00a0Minute\" \/>\n<script type=\"application\/ld+json\" class=\"yoast-schema-graph\">{\"@context\":\"https:\\\/\\\/schema.org\",\"@graph\":[{\"@type\":\"WebPage\",\"@id\":\"https:\\\/\\\/hotdogzone.hu\\\/termekek\\\/\",\"url\":\"https:\\\/\\\/hotdogzone.hu\\\/termekek\\\/\",\"name\":\"Term\u00e9kek - Hotdogzone\",\"isPartOf\":{\"@id\":\"https:\\\/\\\/hotdogzone.hu\\\/#website\"},\"datePublished\":\"2023-02-22T20:28:21+00:00\",\"dateModified\":\"2023-03-23T08:57:57+00:00\",\"breadcrumb\":{\"@id\":\"https:\\\/\\\/hotdogzone.hu\\\/termekek\\\/#breadcrumb\"},\"inLanguage\":\"de\",\"potentialAction\":[{\"@type\":\"ReadAction\",\"target\":[\"https:\\\/\\\/hotdogzone.hu\\\/termekek\\\/\"]}]},{\"@type\":\"BreadcrumbList\",\"@id\":\"https:\\\/\\\/hotdogzone.hu\\\/termekek\\\/#breadcrumb\",\"itemListElement\":[{\"@type\":\"ListItem\",\"position\":1,\"name\":\"Kezd\u0151lap\",\"item\":\"https:\\\/\\\/hotdogzone.hu\\\/\"},{\"@type\":\"ListItem\",\"position\":2,\"name\":\"Term\u00e9kek\"}]},{\"@type\":\"WebSite\",\"@id\":\"https:\\\/\\\/hotdogzone.hu\\\/#website\",\"url\":\"https:\\\/\\\/hotdogzone.hu\\\/\",\"name\":\"Hotdogzone\",\"description\":\"\",\"publisher\":{\"@id\":\"https:\\\/\\\/hotdogzone.hu\\\/#organization\"},\"potentialAction\":[{\"@type\":\"SearchAction\",\"target\":{\"@type\":\"EntryPoint\",\"urlTemplate\":\"https:\\\/\\\/hotdogzone.hu\\\/?s={search_term_string}\"},\"query-input\":{\"@type\":\"PropertyValueSpecification\",\"valueRequired\":true,\"valueName\":\"search_term_string\"}}],\"inLanguage\":\"de\"},{\"@type\":\"Organization\",\"@id\":\"https:\\\/\\\/hotdogzone.hu\\\/#organization\",\"name\":\"Hotdogzone\",\"url\":\"https:\\\/\\\/hotdogzone.hu\\\/\",\"logo\":{\"@type\":\"ImageObject\",\"inLanguage\":\"de\",\"@id\":\"https:\\\/\\\/hotdogzone.hu\\\/#\\\/schema\\\/logo\\\/image\\\/\",\"url\":\"https:\\\/\\\/hotdogzone.hu\\\/wp-content\\\/uploads\\\/2023\\\/02\\\/quick-bite-logo-2-746x1024-1.png\",\"contentUrl\":\"https:\\\/\\\/hotdogzone.hu\\\/wp-content\\\/uploads\\\/2023\\\/02\\\/quick-bite-logo-2-746x1024-1.png\",\"width\":746,\"height\":1024,\"caption\":\"Hotdogzone\"},\"image\":{\"@id\":\"https:\\\/\\\/hotdogzone.hu\\\/#\\\/schema\\\/logo\\\/image\\\/\"}}]}<\/script>\n<!-- \/ Yoast SEO plugin. -->","yoast_head_json":{"title":"Produkte - Hotdogzone","robots":{"index":"index","follow":"follow","max-snippet":"max-snippet:-1","max-image-preview":"max-image-preview:large","max-video-preview":"max-video-preview:-1"},"canonical":"https:\/\/hotdogzone.hu\/de\/termekek\/","og_locale":"de_DE","og_type":"article","og_title":"Term\u00e9kek - Hotdogzone","og_description":"Hot Dog Zone Kiv\u00e1l\u00f3 min\u0151s\u00e9g\u0171 term\u00e9keinkr\u0151l A Hot Dog Zone \u00e1ltal k\u00edn\u00e1lt term\u00e9kek v\u00e1laszt\u00e9ka \u00e9s min\u0151s\u00e9ge lehet\u0151v\u00e9 teszi, hogy olyan \u00faj fogyaszt\u00f3kat vonzz be, akik a k\u00e9s\u0151bbiekben is sz\u00edvesen visszat\u00e9rnek \u00fczletedbe. Szeml\u00e9letm\u00f3dunkkal \u00f6sszhangban minden term\u00e9k a legmagasabb min\u0151s\u00e9get k\u00e9pviseli magas h\u00fastartalommal \u00e9s kiv\u00e1l\u00f3 \u00edzzel. A term\u00e9kek szabadalmaztatott \u00f6sszet\u00e9tel\u00e9nek \u00e9s egy speci\u00e1lis technol\u00f3giai elj\u00e1r\u00e1snak h\u00e1la ak\u00e1r [&hellip;]","og_url":"https:\/\/hotdogzone.hu\/de\/termekek\/","og_site_name":"Hotdogzone","article_modified_time":"2023-03-23T08:57:57+00:00","twitter_card":"summary_large_image","twitter_misc":{"Gesch\u00e4tzte Lesezeit":"1\u00a0Minute"},"schema":{"@context":"https:\/\/schema.org","@graph":[{"@type":"WebPage","@id":"https:\/\/hotdogzone.hu\/termekek\/","url":"https:\/\/hotdogzone.hu\/termekek\/","name":"Produkte - Hotdogzone","isPartOf":{"@id":"https:\/\/hotdogzone.hu\/#website"},"datePublished":"2023-02-22T20:28:21+00:00","dateModified":"2023-03-23T08:57:57+00:00","breadcrumb":{"@id":"https:\/\/hotdogzone.hu\/termekek\/#breadcrumb"},"inLanguage":"de","potentialAction":[{"@type":"ReadAction","target":["https:\/\/hotdogzone.hu\/termekek\/"]}]},{"@type":"BreadcrumbList","@id":"https:\/\/hotdogzone.hu\/termekek\/#breadcrumb","itemListElement":[{"@type":"ListItem","position":1,"name":"Kezd\u0151lap","item":"https:\/\/hotdogzone.hu\/"},{"@type":"ListItem","position":2,"name":"Term\u00e9kek"}]},{"@type":"WebSite","@id":"https:\/\/hotdogzone.hu\/#website","url":"https:\/\/hotdogzone.hu\/","name":"Hotdogzone","description":"","publisher":{"@id":"https:\/\/hotdogzone.hu\/#organization"},"potentialAction":[{"@type":"SearchAction","target":{"@type":"EntryPoint","urlTemplate":"https:\/\/hotdogzone.hu\/?s={search_term_string}"},"query-input":{"@type":"PropertyValueSpecification","valueRequired":true,"valueName":"search_term_string"}}],"inLanguage":"de"},{"@type":"Organization","@id":"https:\/\/hotdogzone.hu\/#organization","name":"Hotdogzone","url":"https:\/\/hotdogzone.hu\/","logo":{"@type":"ImageObject","inLanguage":"de","@id":"https:\/\/hotdogzone.hu\/#\/schema\/logo\/image\/","url":"https:\/\/hotdogzone.hu\/wp-content\/uploads\/2023\/02\/quick-bite-logo-2-746x1024-1.png","contentUrl":"https:\/\/hotdogzone.hu\/wp-content\/uploads\/2023\/02\/quick-bite-logo-2-746x1024-1.png","width":746,"height":1024,"caption":"Hotdogzone"},"image":{"@id":"https:\/\/hotdogzone.hu\/#\/schema\/logo\/image\/"}}]}},"_links":{"self":[{"href":"https:\/\/hotdogzone.hu\/de\/wp-json\/wp\/v2\/pages\/448","targetHints":{"allow":["GET"]}}],"collection":[{"href":"https:\/\/hotdogzone.hu\/de\/wp-json\/wp\/v2\/pages"}],"about":[{"href":"https:\/\/hotdogzone.hu\/de\/wp-json\/wp\/v2\/types\/page"}],"author":[{"embeddable":true,"href":"https:\/\/hotdogzone.hu\/de\/wp-json\/wp\/v2\/users\/1"}],"replies":[{"embeddable":true,"href":"https:\/\/hotdogzone.hu\/de\/wp-json\/wp\/v2\/comments?post=448"}],"version-history":[{"count":107,"href":"https:\/\/hotdogzone.hu\/de\/wp-json\/wp\/v2\/pages\/448\/revisions"}],"predecessor-version":[{"id":867,"href":"https:\/\/hotdogzone.hu\/de\/wp-json\/wp\/v2\/pages\/448\/revisions\/867"}],"wp:attachment":[{"href":"https:\/\/hotdogzone.hu\/de\/wp-json\/wp\/v2\/media?parent=448"}],"curies":[{"name":"wp","href":"https:\/\/api.w.org\/{rel}","templated":true}]}}