{"id":589,"date":"2023-02-23T11:14:22","date_gmt":"2023-02-23T10:14:22","guid":{"rendered":"https:\/\/hotdogzone.hu\/?page_id=589"},"modified":"2024-01-09T10:07:09","modified_gmt":"2024-01-09T09:07:09","slug":"kapcsolat","status":"publish","type":"page","link":"https:\/\/hotdogzone.hu\/en\/kapcsolat\/","title":{"rendered":"Contact"},"content":{"rendered":"\t\t<div data-elementor-type=\"wp-page\" data-elementor-id=\"589\" class=\"elementor elementor-589\" data-elementor-post-type=\"page\">\n\t\t\t\t\t\t<section class=\"elementor-section elementor-top-section elementor-element elementor-element-3dfb917 elementor-section-height-min-height elementor-section-boxed elementor-section-height-default elementor-section-items-middle\" data-id=\"3dfb917\" data-element_type=\"section\" data-e-type=\"section\" data-settings=\"{&quot;background_background&quot;:&quot;classic&quot;}\">\n\t\t\t\t\t\t\t<div class=\"elementor-background-overlay\"><\/div>\n\t\t\t\t\t\t\t<div class=\"elementor-container elementor-column-gap-default\">\n\t\t\t\t\t<div class=\"elementor-column elementor-col-100 elementor-top-column elementor-element elementor-element-204743f\" data-id=\"204743f\" data-element_type=\"column\" data-e-type=\"column\">\n\t\t\t<div class=\"elementor-widget-wrap elementor-element-populated\">\n\t\t\t\t\t\t<div class=\"elementor-element elementor-element-d56d89c elementor-widget elementor-widget-heading\" data-id=\"d56d89c\" data-element_type=\"widget\" data-e-type=\"widget\" data-widget_type=\"heading.default\">\n\t\t\t\t<div class=\"elementor-widget-container\">\n\t\t\t\t\t<h2 class=\"elementor-heading-title elementor-size-large\">HOT DOG ZONE\n<\/h2>\t\t\t\t<\/div>\n\t\t\t\t<\/div>\n\t\t\t\t<div class=\"elementor-element elementor-element-02c16bd elementor-widget elementor-widget-heading\" data-id=\"02c16bd\" data-element_type=\"widget\" data-e-type=\"widget\" data-widget_type=\"heading.default\">\n\t\t\t\t<div class=\"elementor-widget-container\">\n\t\t\t\t\t<h2 class=\"elementor-heading-title elementor-size-default\">Kapcsolat<\/h2>\t\t\t\t<\/div>\n\t\t\t\t<\/div>\n\t\t\t\t<div class=\"elementor-element elementor-element-aea8f88 elementor-widget elementor-widget-text-editor\" data-id=\"aea8f88\" data-element_type=\"widget\" data-e-type=\"widget\" data-widget_type=\"text-editor.default\">\n\t\t\t\t<div class=\"elementor-widget-container\">\n\t\t\t\t\t\t\t\t\t<p>Seg\u00edtj\u00fck \u00fcgyfeleinket az \u00faj fogyaszt\u00f3k megszerz\u00e9s\u00e9ben \u00e9s egy fejl\u0151d\u0151 \u00fczlet megalapoz\u00e1s\u00e1ban<\/p>\t\t\t\t\t\t\t\t<\/div>\n\t\t\t\t<\/div>\n\t\t\t\t\t<\/div>\n\t\t<\/div>\n\t\t\t\t\t<\/div>\n\t\t<\/section>\n\t\t\t\t<section class=\"elementor-section elementor-top-section elementor-element elementor-element-41440e6 elementor-section-boxed elementor-section-height-default elementor-section-height-default\" data-id=\"41440e6\" data-element_type=\"section\" data-e-type=\"section\">\n\t\t\t\t\t\t<div class=\"elementor-container elementor-column-gap-default\">\n\t\t\t\t\t<div class=\"elementor-column elementor-col-100 elementor-top-column elementor-element elementor-element-aba7c63\" data-id=\"aba7c63\" data-element_type=\"column\" data-e-type=\"column\">\n\t\t\t<div class=\"elementor-widget-wrap elementor-element-populated\">\n\t\t\t\t\t\t<div class=\"elementor-element elementor-element-c726f86 elementor-widget elementor-widget-heading\" data-id=\"c726f86\" data-element_type=\"widget\" data-e-type=\"widget\" data-widget_type=\"heading.default\">\n\t\t\t\t<div class=\"elementor-widget-container\">\n\t\t\t\t\t<h2 class=\"elementor-heading-title elementor-size-default\">Maradjunk kapcsolatban<\/h2>\t\t\t\t<\/div>\n\t\t\t\t<\/div>\n\t\t\t\t<div class=\"elementor-element elementor-element-dabe648 elementor-widget elementor-widget-text-editor\" data-id=\"dabe648\" data-element_type=\"widget\" data-e-type=\"widget\" data-widget_type=\"text-editor.default\">\n\t\t\t\t<div class=\"elementor-widget-container\">\n\t\t\t\t\t\t\t\t\t<p>Felkeltett\u00fck \u00e9rdekl\u0151d\u00e9sed? Szeretn\u00e9l t\u00f6bbet megtudni? Vedd fel vel\u00fcnk a kapcsolatot m\u00e9g ma! K\u00e9szs\u00e9ggel v\u00e1laszolunk k\u00e9rd\u00e9seidre, \u00e9s r\u00e9szletesen bemutatjuk aj\u00e1nlatunkat. \u00c9rdekel, hol rendelheted meg term\u00e9keinket? Fordulj hozz\u00e1nk bizalommal!<\/p><p style=\"text-align: center;\">Ha m\u00e9gis k\u00e9rd\u00e9se van keressen az al\u00e1bbi el\u00e9rhet\u0151s\u00e9gen minket:<\/p><p style=\"text-align: center;\"><a href=\"tel:+36208022094\"> 06208022094<\/a><\/p>\t\t\t\t\t\t\t\t<\/div>\n\t\t\t\t<\/div>\n\t\t\t\t<div class=\"elementor-element elementor-element-9b84cd9 elementor-view-default elementor-widget elementor-widget-icon\" data-id=\"9b84cd9\" data-element_type=\"widget\" data-e-type=\"widget\" data-widget_type=\"icon.default\">\n\t\t\t\t<div class=\"elementor-widget-container\">\n\t\t\t\t\t\t\t<div class=\"elementor-icon-wrapper\">\n\t\t\t<div class=\"elementor-icon\">\n\t\t\t<i aria-hidden=\"true\" class=\"fas fa-chevron-down\"><\/i>\t\t\t<\/div>\n\t\t<\/div>\n\t\t\t\t\t\t<\/div>\n\t\t\t\t<\/div>\n\t\t\t\t<div class=\"elementor-element elementor-element-cf40f51 elementor-button-align-stretch elementor-widget elementor-widget-global elementor-global-586 elementor-widget-form\" data-id=\"cf40f51\" data-element_type=\"widget\" data-e-type=\"widget\" data-settings=\"{&quot;step_next_label&quot;:&quot;Next&quot;,&quot;step_previous_label&quot;:&quot;Previous&quot;,&quot;button_width&quot;:&quot;100&quot;,&quot;step_type&quot;:&quot;number_text&quot;,&quot;step_icon_shape&quot;:&quot;circle&quot;}\" data-widget_type=\"form.default\">\n\t\t\t\t<div class=\"elementor-widget-container\">\n\t\t\t\t\t\t\t<form class=\"elementor-form\" method=\"post\" name=\"New Form\" aria-label=\"New Form\">\n\t\t\t<input type=\"hidden\" name=\"post_id\" value=\"589\"\/>\n\t\t\t<input type=\"hidden\" name=\"form_id\" value=\"cf40f51\"\/>\n\t\t\t<input type=\"hidden\" name=\"referer_title\" value=\"Hotdogzone\" \/>\n\n\t\t\t\n\t\t\t<div class=\"elementor-form-fields-wrapper elementor-labels-above\">\n\t\t\t\t\t\t\t\t<div class=\"elementor-field-type-text elementor-field-group elementor-column elementor-field-group-name elementor-col-50 elementor-field-required\">\n\t\t\t\t\t\t\t\t\t\t\t\t<label for=\"form-field-name\" class=\"elementor-field-label\">\n\t\t\t\t\t\t\t\tN\u00e9v\t\t\t\t\t\t\t<\/label>\n\t\t\t\t\t\t\t\t\t\t\t\t\t\t<input size=\"1\" type=\"text\" name=\"form_fields[name]\" id=\"form-field-name\" class=\"elementor-field elementor-size-sm  elementor-field-textual\" placeholder=\"N\u00e9v\" required=\"required\">\n\t\t\t\t\t\t\t\t\t\t\t<\/div>\n\t\t\t\t\t\t\t\t<div class=\"elementor-field-type-email elementor-field-group elementor-column elementor-field-group-email elementor-col-50 elementor-field-required\">\n\t\t\t\t\t\t\t\t\t\t\t\t<label for=\"form-field-email\" class=\"elementor-field-label\">\n\t\t\t\t\t\t\t\tEmail\t\t\t\t\t\t\t<\/label>\n\t\t\t\t\t\t\t\t\t\t\t\t\t\t<input size=\"1\" type=\"email\" name=\"form_fields[email]\" id=\"form-field-email\" class=\"elementor-field elementor-size-sm  elementor-field-textual\" placeholder=\"Email\" required=\"required\">\n\t\t\t\t\t\t\t\t\t\t\t<\/div>\n\t\t\t\t\t\t\t\t<div class=\"elementor-field-type-tel elementor-field-group elementor-column elementor-field-group-tel elementor-col-50 elementor-field-required\">\n\t\t\t\t\t\t\t\t\t\t\t\t<label for=\"form-field-tel\" class=\"elementor-field-label\">\n\t\t\t\t\t\t\t\tTelefonsz\u00e1m\t\t\t\t\t\t\t<\/label>\n\t\t\t\t\t\t\t\t<input size=\"1\" type=\"tel\" name=\"form_fields[tel]\" id=\"form-field-tel\" class=\"elementor-field elementor-size-sm  elementor-field-textual\" placeholder=\"Telefonsz\u00e1m\" required=\"required\" pattern=\"[0-9()#&amp;+*-=.]+\" title=\"Only numbers and phone characters (#, -, *, etc) are accepted.\">\n\n\t\t\t\t\t\t<\/div>\n\t\t\t\t\t\t\t\t<div class=\"elementor-field-type-text elementor-field-group elementor-column elementor-field-group-field_437a63c elementor-col-50 elementor-field-required\">\n\t\t\t\t\t\t\t\t\t\t\t\t<label for=\"form-field-field_437a63c\" class=\"elementor-field-label\">\n\t\t\t\t\t\t\t\tTervezett \u00fczemeltet\u00e9si hely (telep\u00fcl\u00e9s)\t\t\t\t\t\t\t<\/label>\n\t\t\t\t\t\t\t\t\t\t\t\t\t\t<input size=\"1\" type=\"text\" name=\"form_fields[field_437a63c]\" id=\"form-field-field_437a63c\" class=\"elementor-field elementor-size-sm  elementor-field-textual\" placeholder=\"Tervezett \u00fczemeltet\u00e9si hely (telep\u00fcl\u00e9s)\" required=\"required\">\n\t\t\t\t\t\t\t\t\t\t\t<\/div>\n\t\t\t\t\t\t\t\t<div class=\"elementor-field-type-textarea elementor-field-group elementor-column elementor-field-group-message elementor-col-100 elementor-field-required\">\n\t\t\t\t\t\t\t\t\t\t\t\t<label for=\"form-field-message\" class=\"elementor-field-label\">\n\t\t\t\t\t\t\t\t\u00dczenet\t\t\t\t\t\t\t<\/label>\n\t\t\t\t\t\t<textarea class=\"elementor-field-textual elementor-field  elementor-size-sm\" name=\"form_fields[message]\" id=\"form-field-message\" rows=\"4\" placeholder=\"\u00dczenet\" required=\"required\"><\/textarea>\t\t\t\t<\/div>\n\t\t\t\t\t\t\t\t<div class=\"elementor-field-type-recaptcha_v3 elementor-field-group elementor-column elementor-field-group-field_654e68c elementor-col-100 recaptcha_v3-bottomleft\">\n\t\t\t\t\t<div class=\"elementor-field\" id=\"form-field-field_654e68c\"><div class=\"elementor-g-recaptcha\" data-sitekey=\"6Lc09SQlAAAAAF7Fejmto3bGtZgRfncjzZqkbVqa\" data-type=\"v3\" data-action=\"Form\" data-badge=\"bottomleft\" data-size=\"invisible\"><\/div><\/div>\t\t\t\t<\/div>\n\t\t\t\t\t\t\t\t<div class=\"elementor-field-group elementor-column elementor-field-type-submit elementor-col-100 e-form__buttons\">\n\t\t\t\t\t<button class=\"elementor-button elementor-size-sm\" type=\"submit\">\n\t\t\t\t\t\t<span class=\"elementor-button-content-wrapper\">\n\t\t\t\t\t\t\t\t\t\t\t\t\t\t\t<span class=\"elementor-button-icon\">\n\t\t\t\t\t\t\t\t\t<i aria-hidden=\"true\" class=\"fas fa-paper-plane\"><\/i>\t\t\t\t\t\t\t\t\t\t\t\t\t\t\t\t\t<\/span>\n\t\t\t\t\t\t\t\t\t\t\t\t\t\t\t\t\t\t\t\t\t\t<span class=\"elementor-button-text\">K\u00fcld\u00e9s<\/span>\n\t\t\t\t\t\t\t\t\t\t\t\t\t<\/span>\n\t\t\t\t\t<\/button>\n\t\t\t\t<\/div>\n\t\t\t<\/div>\n\t\t<\/form>\n\t\t\t\t\t\t<\/div>\n\t\t\t\t<\/div>\n\t\t\t\t\t<\/div>\n\t\t<\/div>\n\t\t\t\t\t<\/div>\n\t\t<\/section>\n\t\t\t\t<\/div>\n\t\t","protected":false},"excerpt":{"rendered":"<p>HOT DOG ZONE Contact Us We help our clients to acquire new customers and build a growing business Stay in touch Are you interested? Want to learn more? Contact us today! We'll be happy to answer your questions and give you a detailed presentation of our offer. Want to know where to order our products? Contact us! If you have any questions, please contact us at 06208022094<\/p>","protected":false},"author":1,"featured_media":0,"parent":0,"menu_order":0,"comment_status":"closed","ping_status":"closed","template":"","meta":{"site-sidebar-layout":"no-sidebar","site-content-layout":"page-builder","ast-site-content-layout":"default","site-content-style":"default","site-sidebar-style":"default","ast-global-header-display":"","ast-banner-title-visibility":"","ast-main-header-display":"","ast-hfb-above-header-display":"","ast-hfb-below-header-display":"","ast-hfb-mobile-header-display":"","site-post-title":"disabled","ast-breadcrumbs-content":"","ast-featured-img":"disabled","footer-sml-layout":"","ast-disable-related-posts":"","theme-transparent-header-meta":"","adv-header-id-meta":"","stick-header-meta":"","header-above-stick-meta":"","header-main-stick-meta":"","header-below-stick-meta":"","astra-migrate-meta-layouts":"default","ast-page-background-enabled":"default","ast-page-background-meta":{"desktop":{"background-color":"","background-image":"","background-repeat":"repeat","background-position":"center center","background-size":"auto","background-attachment":"scroll","background-type":"","background-media":"","overlay-type":"","overlay-color":"","overlay-opacity":"","overlay-gradient":""},"tablet":{"background-color":"","background-image":"","background-repeat":"repeat","background-position":"center center","background-size":"auto","background-attachment":"scroll","background-type":"","background-media":"","overlay-type":"","overlay-color":"","overlay-opacity":"","overlay-gradient":""},"mobile":{"background-color":"","background-image":"","background-repeat":"repeat","background-position":"center center","background-size":"auto","background-attachment":"scroll","background-type":"","background-media":"","overlay-type":"","overlay-color":"","overlay-opacity":"","overlay-gradient":""}},"ast-content-background-meta":{"desktop":{"background-color":"var(--ast-global-color-5)","background-image":"","background-repeat":"repeat","background-position":"center center","background-size":"auto","background-attachment":"scroll","background-type":"","background-media":"","overlay-type":"","overlay-color":"","overlay-opacity":"","overlay-gradient":""},"tablet":{"background-color":"var(--ast-global-color-5)","background-image":"","background-repeat":"repeat","background-position":"center center","background-size":"auto","background-attachment":"scroll","background-type":"","background-media":"","overlay-type":"","overlay-color":"","overlay-opacity":"","overlay-gradient":""},"mobile":{"background-color":"var(--ast-global-color-5)","background-image":"","background-repeat":"repeat","background-position":"center center","background-size":"auto","background-attachment":"scroll","background-type":"","background-media":"","overlay-type":"","overlay-color":"","overlay-opacity":"","overlay-gradient":""}},"footnotes":""},"class_list":["post-589","page","type-page","status-publish","hentry"],"yoast_head":"<!-- This site is optimized with the Yoast SEO plugin v27.4 - https:\/\/yoast.com\/product\/yoast-seo-wordpress\/ -->\n<title>Kapcsolat - Hotdogzone<\/title>\n<meta name=\"robots\" content=\"index, follow, max-snippet:-1, max-image-preview:large, max-video-preview:-1\" \/>\n<link rel=\"canonical\" href=\"https:\/\/hotdogzone.hu\/en\/kapcsolat\/\" \/>\n<meta property=\"og:locale\" content=\"en_GB\" \/>\n<meta property=\"og:type\" content=\"article\" \/>\n<meta property=\"og:title\" content=\"Kapcsolat - Hotdogzone\" \/>\n<meta property=\"og:description\" content=\"HOT DOG ZONE Kapcsolat Seg\u00edtj\u00fck \u00fcgyfeleinket az \u00faj fogyaszt\u00f3k megszerz\u00e9s\u00e9ben \u00e9s egy fejl\u0151d\u0151 \u00fczlet megalapoz\u00e1s\u00e1ban Maradjunk kapcsolatban Felkeltett\u00fck \u00e9rdekl\u0151d\u00e9sed? Szeretn\u00e9l t\u00f6bbet megtudni? Vedd fel vel\u00fcnk a kapcsolatot m\u00e9g ma! K\u00e9szs\u00e9ggel v\u00e1laszolunk k\u00e9rd\u00e9seidre, \u00e9s r\u00e9szletesen bemutatjuk aj\u00e1nlatunkat. \u00c9rdekel, hol rendelheted meg term\u00e9keinket? Fordulj hozz\u00e1nk bizalommal! Ha m\u00e9gis k\u00e9rd\u00e9se van keressen az al\u00e1bbi el\u00e9rhet\u0151s\u00e9gen minket: 06208022094\" \/>\n<meta property=\"og:url\" content=\"https:\/\/hotdogzone.hu\/en\/kapcsolat\/\" \/>\n<meta property=\"og:site_name\" content=\"Hotdogzone\" \/>\n<meta property=\"article:modified_time\" content=\"2024-01-09T09:07:09+00:00\" \/>\n<meta name=\"twitter:card\" content=\"summary_large_image\" \/>\n<meta name=\"twitter:label1\" content=\"Estimated reading time\" \/>\n\t<meta name=\"twitter:data1\" content=\"1 minute\" \/>\n<script type=\"application\/ld+json\" class=\"yoast-schema-graph\">{\"@context\":\"https:\\\/\\\/schema.org\",\"@graph\":[{\"@type\":\"WebPage\",\"@id\":\"https:\\\/\\\/hotdogzone.hu\\\/kapcsolat\\\/\",\"url\":\"https:\\\/\\\/hotdogzone.hu\\\/kapcsolat\\\/\",\"name\":\"Kapcsolat - Hotdogzone\",\"isPartOf\":{\"@id\":\"https:\\\/\\\/hotdogzone.hu\\\/#website\"},\"datePublished\":\"2023-02-23T10:14:22+00:00\",\"dateModified\":\"2024-01-09T09:07:09+00:00\",\"breadcrumb\":{\"@id\":\"https:\\\/\\\/hotdogzone.hu\\\/kapcsolat\\\/#breadcrumb\"},\"inLanguage\":\"en-GB\",\"potentialAction\":[{\"@type\":\"ReadAction\",\"target\":[\"https:\\\/\\\/hotdogzone.hu\\\/kapcsolat\\\/\"]}]},{\"@type\":\"BreadcrumbList\",\"@id\":\"https:\\\/\\\/hotdogzone.hu\\\/kapcsolat\\\/#breadcrumb\",\"itemListElement\":[{\"@type\":\"ListItem\",\"position\":1,\"name\":\"Kezd\u0151lap\",\"item\":\"https:\\\/\\\/hotdogzone.hu\\\/\"},{\"@type\":\"ListItem\",\"position\":2,\"name\":\"Kapcsolat\"}]},{\"@type\":\"WebSite\",\"@id\":\"https:\\\/\\\/hotdogzone.hu\\\/#website\",\"url\":\"https:\\\/\\\/hotdogzone.hu\\\/\",\"name\":\"Hotdogzone\",\"description\":\"\",\"publisher\":{\"@id\":\"https:\\\/\\\/hotdogzone.hu\\\/#organization\"},\"potentialAction\":[{\"@type\":\"SearchAction\",\"target\":{\"@type\":\"EntryPoint\",\"urlTemplate\":\"https:\\\/\\\/hotdogzone.hu\\\/?s={search_term_string}\"},\"query-input\":{\"@type\":\"PropertyValueSpecification\",\"valueRequired\":true,\"valueName\":\"search_term_string\"}}],\"inLanguage\":\"en-GB\"},{\"@type\":\"Organization\",\"@id\":\"https:\\\/\\\/hotdogzone.hu\\\/#organization\",\"name\":\"Hotdogzone\",\"url\":\"https:\\\/\\\/hotdogzone.hu\\\/\",\"logo\":{\"@type\":\"ImageObject\",\"inLanguage\":\"en-GB\",\"@id\":\"https:\\\/\\\/hotdogzone.hu\\\/#\\\/schema\\\/logo\\\/image\\\/\",\"url\":\"https:\\\/\\\/hotdogzone.hu\\\/wp-content\\\/uploads\\\/2023\\\/02\\\/quick-bite-logo-2-746x1024-1.png\",\"contentUrl\":\"https:\\\/\\\/hotdogzone.hu\\\/wp-content\\\/uploads\\\/2023\\\/02\\\/quick-bite-logo-2-746x1024-1.png\",\"width\":746,\"height\":1024,\"caption\":\"Hotdogzone\"},\"image\":{\"@id\":\"https:\\\/\\\/hotdogzone.hu\\\/#\\\/schema\\\/logo\\\/image\\\/\"}}]}<\/script>\n<!-- \/ Yoast SEO plugin. -->","yoast_head_json":{"title":"Contact - Hotdogzone","robots":{"index":"index","follow":"follow","max-snippet":"max-snippet:-1","max-image-preview":"max-image-preview:large","max-video-preview":"max-video-preview:-1"},"canonical":"https:\/\/hotdogzone.hu\/en\/kapcsolat\/","og_locale":"en_GB","og_type":"article","og_title":"Kapcsolat - Hotdogzone","og_description":"HOT DOG ZONE Kapcsolat Seg\u00edtj\u00fck \u00fcgyfeleinket az \u00faj fogyaszt\u00f3k megszerz\u00e9s\u00e9ben \u00e9s egy fejl\u0151d\u0151 \u00fczlet megalapoz\u00e1s\u00e1ban Maradjunk kapcsolatban Felkeltett\u00fck \u00e9rdekl\u0151d\u00e9sed? Szeretn\u00e9l t\u00f6bbet megtudni? Vedd fel vel\u00fcnk a kapcsolatot m\u00e9g ma! K\u00e9szs\u00e9ggel v\u00e1laszolunk k\u00e9rd\u00e9seidre, \u00e9s r\u00e9szletesen bemutatjuk aj\u00e1nlatunkat. \u00c9rdekel, hol rendelheted meg term\u00e9keinket? Fordulj hozz\u00e1nk bizalommal! Ha m\u00e9gis k\u00e9rd\u00e9se van keressen az al\u00e1bbi el\u00e9rhet\u0151s\u00e9gen minket: 06208022094","og_url":"https:\/\/hotdogzone.hu\/en\/kapcsolat\/","og_site_name":"Hotdogzone","article_modified_time":"2024-01-09T09:07:09+00:00","twitter_card":"summary_large_image","twitter_misc":{"Estimated reading time":"1 minute"},"schema":{"@context":"https:\/\/schema.org","@graph":[{"@type":"WebPage","@id":"https:\/\/hotdogzone.hu\/kapcsolat\/","url":"https:\/\/hotdogzone.hu\/kapcsolat\/","name":"Contact - Hotdogzone","isPartOf":{"@id":"https:\/\/hotdogzone.hu\/#website"},"datePublished":"2023-02-23T10:14:22+00:00","dateModified":"2024-01-09T09:07:09+00:00","breadcrumb":{"@id":"https:\/\/hotdogzone.hu\/kapcsolat\/#breadcrumb"},"inLanguage":"en-GB","potentialAction":[{"@type":"ReadAction","target":["https:\/\/hotdogzone.hu\/kapcsolat\/"]}]},{"@type":"BreadcrumbList","@id":"https:\/\/hotdogzone.hu\/kapcsolat\/#breadcrumb","itemListElement":[{"@type":"ListItem","position":1,"name":"Kezd\u0151lap","item":"https:\/\/hotdogzone.hu\/"},{"@type":"ListItem","position":2,"name":"Kapcsolat"}]},{"@type":"WebSite","@id":"https:\/\/hotdogzone.hu\/#website","url":"https:\/\/hotdogzone.hu\/","name":"Hotdogzone","description":"","publisher":{"@id":"https:\/\/hotdogzone.hu\/#organization"},"potentialAction":[{"@type":"SearchAction","target":{"@type":"EntryPoint","urlTemplate":"https:\/\/hotdogzone.hu\/?s={search_term_string}"},"query-input":{"@type":"PropertyValueSpecification","valueRequired":true,"valueName":"search_term_string"}}],"inLanguage":"en-GB"},{"@type":"Organization","@id":"https:\/\/hotdogzone.hu\/#organization","name":"Hotdogzone","url":"https:\/\/hotdogzone.hu\/","logo":{"@type":"ImageObject","inLanguage":"en-GB","@id":"https:\/\/hotdogzone.hu\/#\/schema\/logo\/image\/","url":"https:\/\/hotdogzone.hu\/wp-content\/uploads\/2023\/02\/quick-bite-logo-2-746x1024-1.png","contentUrl":"https:\/\/hotdogzone.hu\/wp-content\/uploads\/2023\/02\/quick-bite-logo-2-746x1024-1.png","width":746,"height":1024,"caption":"Hotdogzone"},"image":{"@id":"https:\/\/hotdogzone.hu\/#\/schema\/logo\/image\/"}}]}},"_links":{"self":[{"href":"https:\/\/hotdogzone.hu\/en\/wp-json\/wp\/v2\/pages\/589","targetHints":{"allow":["GET"]}}],"collection":[{"href":"https:\/\/hotdogzone.hu\/en\/wp-json\/wp\/v2\/pages"}],"about":[{"href":"https:\/\/hotdogzone.hu\/en\/wp-json\/wp\/v2\/types\/page"}],"author":[{"embeddable":true,"href":"https:\/\/hotdogzone.hu\/en\/wp-json\/wp\/v2\/users\/1"}],"replies":[{"embeddable":true,"href":"https:\/\/hotdogzone.hu\/en\/wp-json\/wp\/v2\/comments?post=589"}],"version-history":[{"count":46,"href":"https:\/\/hotdogzone.hu\/en\/wp-json\/wp\/v2\/pages\/589\/revisions"}],"predecessor-version":[{"id":933,"href":"https:\/\/hotdogzone.hu\/en\/wp-json\/wp\/v2\/pages\/589\/revisions\/933"}],"wp:attachment":[{"href":"https:\/\/hotdogzone.hu\/en\/wp-json\/wp\/v2\/media?parent=589"}],"curies":[{"name":"wp","href":"https:\/\/api.w.org\/{rel}","templated":true}]}}